{"id":54,"date":"2019-07-01T13:38:51","date_gmt":"2019-07-01T13:38:51","guid":{"rendered":"https:\/\/themes.muffingroup.com\/be\/transport3\/?page_id=2"},"modified":"2026-02-24T21:22:55","modified_gmt":"2026-02-24T21:22:55","slug":"accueil","status":"publish","type":"page","link":"https:\/\/www.fen-lab.ca\/fr_ca\/","title":{"rendered":"ACCUEIL"},"content":{"rendered":"<div data-elementor-type=\"wp-page\" data-elementor-id=\"54\" class=\"elementor elementor-54\" data-elementor-post-type=\"page\">\n\t\t\t\t<div class=\"elementor-element elementor-element-1698b15 e-flex e-con-boxed e-con e-parent\" data-id=\"1698b15\" data-element_type=\"container\" data-e-type=\"container\" id=\"apropos\">\n\t\t\t\t\t<div class=\"e-con-inner\">\n\t\t<div class=\"elementor-element elementor-element-75a3823 e-con-full e-flex e-con e-child\" data-id=\"75a3823\" data-element_type=\"container\" data-e-type=\"container\">\n\t\t\t\t<div class=\"elementor-element elementor-element-a9c7744 elementor-widget elementor-widget-text-editor\" data-id=\"a9c7744\" data-element_type=\"widget\" data-e-type=\"widget\" data-widget_type=\"text-editor.default\">\n\t\t\t\t\t\t\t\t\t<h4><strong><span class=\"cs-subtitle\">Plus de 10 espaces disponibles de moyennes et grandes tailles pour toutes sortes de projets artistiques !\u00a0<\/span><\/strong><\/h4><p>Situ\u00e9 sur la rue Laurier, FENLAB offre des espaces de location accueillant d\u00e9j\u00e0 une vari\u00e9t\u00e9 d\u2019artistes, dont des potiers, des peintres, des designers graphiques, des costumiers, des cin\u00e9astes, des photographes, des musiciens et des tatoueurs, nos ateliers ont \u00e9t\u00e9 cr\u00e9\u00e9s dans un esprit \u00e0 but non lucratif, garantissant des prix de location abordables.<\/p>\t\t\t\t\t\t\t\t<\/div>\n\t\t\t\t<div class=\"elementor-element elementor-element-689d4cf elementor-widget elementor-widget-button\" data-id=\"689d4cf\" data-element_type=\"widget\" data-e-type=\"widget\" data-widget_type=\"button.default\">\n\t\t\t\t\t\t\t\t\t\t<a class=\"elementor-button elementor-button-link elementor-size-sm\" href=\"#\">\n\t\t\t\t\t\t<span class=\"elementor-button-content-wrapper\">\n\t\t\t\t\t\t\t\t\t<span class=\"elementor-button-text\">R\u00c9SERVER MAINTENANT<\/span>\n\t\t\t\t\t<\/span>\n\t\t\t\t\t<\/a>\n\t\t\t\t\t\t\t\t<\/div>\n\t\t\t\t<\/div>\n\t\t<div class=\"elementor-element elementor-element-bd7bcbc e-con-full e-flex e-con e-child\" data-id=\"bd7bcbc\" data-element_type=\"container\" data-e-type=\"container\">\n\t\t\t\t<div class=\"elementor-element elementor-element-8fb7ff1 elementor-widget elementor-widget-image\" data-id=\"8fb7ff1\" data-element_type=\"widget\" data-e-type=\"widget\" data-widget_type=\"image.default\">\n\t\t\t\t\t\t\t\t\t\t\t\t\t\t\t<img fetchpriority=\"high\" decoding=\"async\" width=\"1024\" height=\"765\" src=\"https:\/\/www.fen-lab.ca\/wp-content\/uploads\/2026\/02\/Capture-decran-le-2026-02-24-a-15.35.35-1024x765.png\" class=\"attachment-large size-large wp-image-453\" alt=\"\" srcset=\"https:\/\/www.fen-lab.ca\/wp-content\/uploads\/2026\/02\/Capture-decran-le-2026-02-24-a-15.35.35-1024x765.png 1024w, https:\/\/www.fen-lab.ca\/wp-content\/uploads\/2026\/02\/Capture-decran-le-2026-02-24-a-15.35.35-300x224.png 300w, https:\/\/www.fen-lab.ca\/wp-content\/uploads\/2026\/02\/Capture-decran-le-2026-02-24-a-15.35.35-768x574.png 768w, https:\/\/www.fen-lab.ca\/wp-content\/uploads\/2026\/02\/Capture-decran-le-2026-02-24-a-15.35.35-1536x1148.png 1536w, https:\/\/www.fen-lab.ca\/wp-content\/uploads\/2026\/02\/Capture-decran-le-2026-02-24-a-15.35.35-2048x1531.png 2048w, https:\/\/www.fen-lab.ca\/wp-content\/uploads\/2026\/02\/Capture-decran-le-2026-02-24-a-15.35.35-16x12.png 16w, https:\/\/www.fen-lab.ca\/wp-content\/uploads\/2026\/02\/Capture-decran-le-2026-02-24-a-15.35.35-100x75.png 100w, https:\/\/www.fen-lab.ca\/wp-content\/uploads\/2026\/02\/Capture-decran-le-2026-02-24-a-15.35.35-480x359.png 480w\" sizes=\"(max-width:767px) 480px, (max-width:1024px) 100vw, 1024px\" \/>\t\t\t\t\t\t\t\t\t\t\t\t\t\t\t<\/div>\n\t\t\t\t<\/div>\n\t\t\t\t\t<\/div>\n\t\t\t\t<\/div>\n\t\t<div class=\"elementor-element elementor-element-fd96a68 e-con-full e-flex e-con e-parent\" data-id=\"fd96a68\" data-element_type=\"container\" data-e-type=\"container\" id=\"mission\">\n\t\t\t\t<div class=\"elementor-element elementor-element-d9e8706 elementor-widget elementor-widget-text-editor\" data-id=\"d9e8706\" data-element_type=\"widget\" data-e-type=\"widget\" data-widget_type=\"text-editor.default\">\n\t\t\t\t\t\t\t\t\t<h3 class=\"cs-title\">Notre objectif est de fournir des espaces agr\u00e9ables au c\u0153ur du Plateau Mont-Royal, favorisant le d\u00e9veloppement artistique.<\/h3>\t\t\t\t\t\t\t\t<\/div>\n\t\t\t\t<div class=\"elementor-element elementor-element-246ea2b elementor-align-center elementor-widget elementor-widget-button\" data-id=\"246ea2b\" data-element_type=\"widget\" data-e-type=\"widget\" data-widget_type=\"button.default\">\n\t\t\t\t\t\t\t\t\t\t<a class=\"elementor-button elementor-button-link elementor-size-sm\" href=\"#\">\n\t\t\t\t\t\t<span class=\"elementor-button-content-wrapper\">\n\t\t\t\t\t\t\t\t\t<span class=\"elementor-button-text\">R\u00c9SERVER MAINTENANT<\/span>\n\t\t\t\t\t<\/span>\n\t\t\t\t\t<\/a>\n\t\t\t\t\t\t\t\t<\/div>\n\t\t\t\t<\/div>\n\t\t<div class=\"elementor-element elementor-element-8f16b9e e-flex e-con-boxed e-con e-parent\" data-id=\"8f16b9e\" data-element_type=\"container\" data-e-type=\"container\" id=\"temoignages\">\n\t\t\t\t\t<div class=\"e-con-inner\">\n\t\t\t\t<div class=\"elementor-element elementor-element-21d71b0 elementor-widget elementor-widget-text-editor\" data-id=\"21d71b0\" data-element_type=\"widget\" data-e-type=\"widget\" data-widget_type=\"text-editor.default\">\n\t\t\t\t\t\t\t\t\t<pre class=\"ti-widget\"><template id=\"trustindex-google-widget-html\"><div class=\"ti-widget  ti-goog ti-review-text-mode-readmore ti-text-align-left\" data-no-translation=\"true\" data-plugin-version=\"13.2.8\" data-layout-id=\"34\" data-layout-category=\"slider\" data-set-id=\"ligth-border\" data-pid=\"\" data-language=\"fr\" data-close-locale=\"Fermer\" data-review-target-width=\"300\" data-css-version=\"2\" data-reply-by-locale=\"R\u00e9ponse du propri\u00e9taire\" data-only-rating-locale=\"Cet utilisateur a uniquement laiss\u00e9 une \u00e9valuation.\" data-pager-autoplay-timeout=\"6\"> <div class=\"ti-widget-container ti-col-3\"> <div class=\"ti-header ti-header-grid source-Google\"> <div class=\"ti-fade-container\"> <div class=\"ti-rating-text\"> <strong class=\"ti-rating ti-rating-large\"> EXCELLENT <\/strong> <\/div> <span class=\"ti-stars star-lg\"><trustindex-image class=\"ti-star\" data-imgurl=\"https:\/\/cdn.trustindex.io\/assets\/platform\/Google\/star\/f.svg\" alt=\"Google\" width=\"17\" height=\"17\" loading=\"lazy\"><\/trustindex-image><trustindex-image class=\"ti-star\" data-imgurl=\"https:\/\/cdn.trustindex.io\/assets\/platform\/Google\/star\/f.svg\" alt=\"Google\" width=\"17\" height=\"17\" loading=\"lazy\"><\/trustindex-image><trustindex-image class=\"ti-star\" data-imgurl=\"https:\/\/cdn.trustindex.io\/assets\/platform\/Google\/star\/f.svg\" alt=\"Google\" width=\"17\" height=\"17\" loading=\"lazy\"><\/trustindex-image><trustindex-image class=\"ti-star\" data-imgurl=\"https:\/\/cdn.trustindex.io\/assets\/platform\/Google\/star\/f.svg\" alt=\"Google\" width=\"17\" height=\"17\" loading=\"lazy\"><\/trustindex-image><trustindex-image class=\"ti-star\" data-imgurl=\"https:\/\/cdn.trustindex.io\/assets\/platform\/Google\/star\/f.svg\" alt=\"Google\" width=\"17\" height=\"17\" loading=\"lazy\"><\/trustindex-image><\/span> <div class=\"ti-rating-text\"> <span class=\"nowrap\">Bas\u00e9e sur <strong>1 avis<\/strong><\/span> <\/div> <div class=\"ti-large-logo\"> <div class=\"ti-v-center\"> <trustindex-image class=\"ti-logo-fb\" data-imgurl=\"https:\/\/cdn.trustindex.io\/assets\/platform\/Google\/logo.svg\" width=\"150\" height=\"25\" loading=\"lazy\" alt=\"Google\"><\/trustindex-image> <\/div> <\/div> <\/div> <\/div> <div class=\"ti-reviews-container\"> <div class=\"ti-controls\"> <div class=\"ti-next\" aria-label=\"Avis suivante\" role=\"button\" tabindex=\"0\"><\/div> <div class=\"ti-prev\" aria-label=\"Avis pr\u00e9c\u00e9dent\" role=\"button\" tabindex=\"0\"><\/div> <\/div> <div class=\"ti-reviews-container-wrapper\">  <div data-empty=\"1\" class=\"ti-review-item source-Google ti-image-layout-thumbnail\" data-id=\"cfcd208495d565ef66e7dff9f98764da\"> <div class=\"ti-inner\"> <div class=\"ti-review-header\"> <div class=\"ti-platform-icon ti-with-tooltip\"> <span class=\"ti-tooltip\">Publi\u00e9 sur <\/span> <trustindex-image data-imgurl=\"https:\/\/cdn.trustindex.io\/assets\/platform\/Google\/icon.svg\" alt=\"\" width=\"20\" height=\"20\" loading=\"lazy\"><\/trustindex-image> <\/div> <div class=\"ti-profile-img\"> <trustindex-image data-imgurl=\"https:\/\/lh3.googleusercontent.com\/a-\/ALV-UjXQcxi9kj6WSIDw4QRJ11MZYAHQwN3A9LZ1lk2oLizgOOOx1CCt=w40-h40-c-rp-mo-ba2-br100\" alt=\"Maria Ramoul profile picture\" loading=\"lazy\"><\/trustindex-image> <\/div> <div class=\"ti-profile-details\"> <div class=\"ti-name\"> Maria Ramoul <\/div> <div class=\"ti-date\">25\/03\/2025<\/div> <\/div> <\/div> <span class=\"ti-stars\"><trustindex-image class=\"ti-star\" data-imgurl=\"https:\/\/cdn.trustindex.io\/assets\/platform\/Google\/star\/f.svg\" alt=\"Google\" width=\"17\" height=\"17\" loading=\"lazy\"><\/trustindex-image><trustindex-image class=\"ti-star\" data-imgurl=\"https:\/\/cdn.trustindex.io\/assets\/platform\/Google\/star\/f.svg\" alt=\"Google\" width=\"17\" height=\"17\" loading=\"lazy\"><\/trustindex-image><trustindex-image class=\"ti-star\" data-imgurl=\"https:\/\/cdn.trustindex.io\/assets\/platform\/Google\/star\/f.svg\" alt=\"Google\" width=\"17\" height=\"17\" loading=\"lazy\"><\/trustindex-image><trustindex-image class=\"ti-star\" data-imgurl=\"https:\/\/cdn.trustindex.io\/assets\/platform\/Google\/star\/f.svg\" alt=\"Google\" width=\"17\" height=\"17\" loading=\"lazy\"><\/trustindex-image><trustindex-image class=\"ti-star\" data-imgurl=\"https:\/\/cdn.trustindex.io\/assets\/platform\/Google\/star\/f.svg\" alt=\"Google\" width=\"17\" height=\"17\" loading=\"lazy\"><\/trustindex-image><span class=\"ti-verified-review ti-verified-platform\"><span class=\"ti-verified-tooltip\">Trustindex v\u00e9rifie que la source originale de l'avis est Google.<\/span><\/span><\/span> <div class=\"ti-review-text-container ti-review-content\"><!-- R-CONTENT --><!-- R-CONTENT --><\/div> <span class=\"ti-read-more\" data-container=\".ti-review-content\" data-collapse-text=\"Cacher\" data-open-text=\"Lire la suite\"><\/span> <\/div> <\/div>  <\/div> <div class=\"ti-controls-line\"> <div class=\"dot\"><\/div> <\/div> <\/div>   <\/div> <\/div> <\/template><\/pre><div data-src=\"https:\/\/cdn.trustindex.io\/loader.js?wp-widget\" data-template-id=\"trustindex-google-widget-html\" data-css-url=\"https:\/\/www.fen-lab.ca\/wp-content\/uploads\/trustindex-google-widget.css?1774889194\"><\/div>\t\t\t\t\t\t\t\t<\/div>\n\t\t\t\t\t<\/div>\n\t\t\t\t<\/div>\n\t\t<div class=\"elementor-element elementor-element-6e0868a e-flex e-con-boxed e-con e-parent\" data-id=\"6e0868a\" data-element_type=\"container\" data-e-type=\"container\" id=\"contact\">\n\t\t\t\t\t<div class=\"e-con-inner\">\n\t\t\t\t<div class=\"elementor-element elementor-element-54f7181 elementor-widget elementor-widget-text-editor\" data-id=\"54f7181\" data-element_type=\"widget\" data-e-type=\"widget\" data-widget_type=\"text-editor.default\">\n\t\t\t\t\t\t\t\t\t<iframe src=\"https:\/\/www.google.com\/maps\/embed?pb=!1m18!1m12!1m3!1d2794.6502418060822!2d-73.58150962372197!3d45.53724347107522!2m3!1f0!2f0!3f0!3m2!1i1024!2i768!4f13.1!3m3!1m2!1s0x4cc91be0b2ae9f5b%3A0x20e13a721a18401f!2s1996%20Avenue%20Laurier%20Est%2C%20Montr%C3%A9al%2C%20QC%20H2H%201B6!5e0!3m2!1sfr!2sca!4v1771967264456!5m2!1sfr!2sca\" width=\"2500\" height=\"400\" style=\"border:0;\" allowfullscreen=\"\" loading=\"lazy\" referrerpolicy=\"no-referrer-when-downgrade\"><\/iframe>\t\t\t\t\t\t\t\t<\/div>\n\t\t\t\t\t<\/div>\n\t\t\t\t<\/div>\n\t\t\t\t<\/div>","protected":false},"excerpt":{"rendered":"<p>Plus de 10 espaces disponibles de moyennes et grandes tailles pour toutes sortes de projets artistiques !\u00a0 Situ\u00e9 sur la rue Laurier, FENLAB offre des espaces<span class=\"excerpt-hellip\"> [\u2026]<\/span><\/p>\n","protected":false},"author":1,"featured_media":0,"parent":0,"menu_order":0,"comment_status":"closed","ping_status":"closed","template":"","meta":{"footnotes":""},"class_list":["post-54","page","type-page","status-publish","hentry"],"_links":{"self":[{"href":"https:\/\/www.fen-lab.ca\/fr_ca\/wp-json\/wp\/v2\/pages\/54"}],"collection":[{"href":"https:\/\/www.fen-lab.ca\/fr_ca\/wp-json\/wp\/v2\/pages"}],"about":[{"href":"https:\/\/www.fen-lab.ca\/fr_ca\/wp-json\/wp\/v2\/types\/page"}],"author":[{"embeddable":true,"href":"https:\/\/www.fen-lab.ca\/fr_ca\/wp-json\/wp\/v2\/users\/1"}],"replies":[{"embeddable":true,"href":"https:\/\/www.fen-lab.ca\/fr_ca\/wp-json\/wp\/v2\/comments?post=54"}],"version-history":[{"count":6,"href":"https:\/\/www.fen-lab.ca\/fr_ca\/wp-json\/wp\/v2\/pages\/54\/revisions"}],"predecessor-version":[{"id":499,"href":"https:\/\/www.fen-lab.ca\/fr_ca\/wp-json\/wp\/v2\/pages\/54\/revisions\/499"}],"wp:attachment":[{"href":"https:\/\/www.fen-lab.ca\/fr_ca\/wp-json\/wp\/v2\/media?parent=54"}],"curies":[{"name":"wp","href":"https:\/\/api.w.org\/{rel}","templated":true}]}}